{"id":42,"date":"2020-08-20T17:50:18","date_gmt":"2020-08-20T14:50:18","guid":{"rendered":"http:\/\/somfinanciele.com\/?page_id=42"},"modified":"2022-02-10T12:18:59","modified_gmt":"2022-02-10T09:18:59","slug":"kurumsal","status":"publish","type":"page","link":"https:\/\/somfinanciele.com\/tr\/kurumsal\/","title":{"rendered":"Kurumsal"},"content":{"rendered":"<p><div class=\"fusion-fullwidth fullwidth-box fusion-builder-row-1 fusion-flex-container nonhundred-percent-fullwidth non-hundred-percent-height-scrolling\" style=\"--awb-border-radius-top-left:0px;--awb-border-radius-top-right:0px;--awb-border-radius-bottom-right:0px;--awb-border-radius-bottom-left:0px;--awb-padding-top:0px;--awb-padding-bottom:20px;--awb-background-image:linear-gradient(180deg, var(--awb-color4) 60%,var(--awb-color1) 60%);--awb-flex-wrap:wrap;\" ><div class=\"fusion-builder-row fusion-row fusion-flex-align-items-stretch fusion-flex-content-wrap\" style=\"max-width:1310.4px;margin-left: calc(-4% \/ 2 );margin-right: calc(-4% \/ 2 );\"><div class=\"fusion-layout-column fusion_builder_column fusion-builder-column-0 fusion_builder_column_1_4 1_4 fusion-flex-column\" style=\"--awb-bg-size:cover;--awb-width-large:25%;--awb-margin-top-large:20px;--awb-spacing-right-large:10px;--awb-margin-bottom-large:20px;--awb-spacing-left-large:7.68%;--awb-width-medium:25%;--awb-order-medium:0;--awb-spacing-right-medium:10px;--awb-spacing-left-medium:7.68%;--awb-width-small:50%;--awb-order-small:1;--awb-spacing-right-small:10px;--awb-spacing-left-small:3.84%;\"><div class=\"fusion-column-wrapper fusion-column-has-shadow fusion-flex-justify-content-center fusion-content-layout-column\"><div class=\"fusion-image-element \" style=\"--awb-caption-title-font-family:var(--h2_typography-font-family);--awb-caption-title-font-weight:var(--h2_typography-font-weight);--awb-caption-title-font-style:var(--h2_typography-font-style);--awb-caption-title-size:var(--h2_typography-font-size);--awb-caption-title-transform:var(--h2_typography-text-transform);--awb-caption-title-line-height:var(--h2_typography-line-height);--awb-caption-title-letter-spacing:var(--h2_typography-letter-spacing);\"><span class=\" fusion-imageframe imageframe-none imageframe-1 hover-type-none\" style=\"border-radius:12px;\"><img decoding=\"async\" width=\"586\" height=\"584\" title=\"corporate-sag\" src=\"https:\/\/somfinanciele.com\/wp-content\/uploads\/2022\/02\/corporate-sag.jpg\" data-orig-src=\"http:\/\/somfinanciele.com\/wp-content\/uploads\/2022\/02\/corporate-sag.jpg\" alt class=\"lazyload img-responsive wp-image-2983\" srcset=\"data:image\/svg+xml,%3Csvg%20xmlns%3D%27http%3A%2F%2Fwww.w3.org%2F2000%2Fsvg%27%20width%3D%27586%27%20height%3D%27584%27%20viewBox%3D%270%200%20586%20584%27%3E%3Crect%20width%3D%27586%27%20height%3D%27584%27%20fill-opacity%3D%220%22%2F%3E%3C%2Fsvg%3E\" data-srcset=\"https:\/\/somfinanciele.com\/wp-content\/uploads\/2022\/02\/corporate-sag-200x199.jpg 200w, https:\/\/somfinanciele.com\/wp-content\/uploads\/2022\/02\/corporate-sag-400x399.jpg 400w, https:\/\/somfinanciele.com\/wp-content\/uploads\/2022\/02\/corporate-sag.jpg 586w\" data-sizes=\"auto\" data-orig-sizes=\"(max-width: 640px) 100vw, 400px\" \/><\/span><\/div><\/div><\/div><div class=\"fusion-layout-column fusion_builder_column fusion-builder-column-1 fusion_builder_column_1_2 1_2 fusion-flex-column\" style=\"--awb-bg-size:cover;--awb-width-large:50%;--awb-margin-top-large:20px;--awb-spacing-right-large:10px;--awb-margin-bottom-large:20px;--awb-spacing-left-large:10px;--awb-width-medium:50%;--awb-order-medium:0;--awb-spacing-right-medium:10px;--awb-spacing-left-medium:10px;--awb-width-small:100%;--awb-order-small:0;--awb-margin-top-small:0px;--awb-spacing-right-small:1.92%;--awb-spacing-left-small:1.92%;\"><div class=\"fusion-column-wrapper fusion-column-has-shadow fusion-flex-justify-content-flex-start fusion-content-layout-column\"><div class=\"fusion-image-element \" style=\"--awb-caption-title-font-family:var(--h2_typography-font-family);--awb-caption-title-font-weight:var(--h2_typography-font-weight);--awb-caption-title-font-style:var(--h2_typography-font-style);--awb-caption-title-size:var(--h2_typography-font-size);--awb-caption-title-transform:var(--h2_typography-text-transform);--awb-caption-title-line-height:var(--h2_typography-line-height);--awb-caption-title-letter-spacing:var(--h2_typography-letter-spacing);\"><span class=\" fusion-imageframe imageframe-none imageframe-2 hover-type-none\" style=\"border-radius:12px;\"><img decoding=\"async\" width=\"1270\" height=\"1270\" title=\"corporate-orta\" src=\"https:\/\/somfinanciele.com\/wp-content\/uploads\/2022\/02\/corporate-orta.jpg\" data-orig-src=\"http:\/\/somfinanciele.com\/wp-content\/uploads\/2022\/02\/corporate-orta.jpg\" alt class=\"lazyload img-responsive wp-image-2979\" srcset=\"data:image\/svg+xml,%3Csvg%20xmlns%3D%27http%3A%2F%2Fwww.w3.org%2F2000%2Fsvg%27%20width%3D%271270%27%20height%3D%271270%27%20viewBox%3D%270%200%201270%201270%27%3E%3Crect%20width%3D%271270%27%20height%3D%271270%27%20fill-opacity%3D%220%22%2F%3E%3C%2Fsvg%3E\" data-srcset=\"https:\/\/somfinanciele.com\/wp-content\/uploads\/2022\/02\/corporate-orta-200x200.jpg 200w, https:\/\/somfinanciele.com\/wp-content\/uploads\/2022\/02\/corporate-orta-400x400.jpg 400w, https:\/\/somfinanciele.com\/wp-content\/uploads\/2022\/02\/corporate-orta-600x600.jpg 600w, https:\/\/somfinanciele.com\/wp-content\/uploads\/2022\/02\/corporate-orta-800x800.jpg 800w, https:\/\/somfinanciele.com\/wp-content\/uploads\/2022\/02\/corporate-orta-1200x1200.jpg 1200w, https:\/\/somfinanciele.com\/wp-content\/uploads\/2022\/02\/corporate-orta.jpg 1270w\" data-sizes=\"auto\" data-orig-sizes=\"(max-width: 640px) 100vw, 800px\" \/><\/span><\/div><\/div><\/div><div class=\"fusion-layout-column fusion_builder_column fusion-builder-column-2 fusion_builder_column_1_4 1_4 fusion-flex-column\" style=\"--awb-bg-size:cover;--awb-width-large:25%;--awb-margin-top-large:20px;--awb-spacing-right-large:7.68%;--awb-margin-bottom-large:20px;--awb-spacing-left-large:10px;--awb-width-medium:25%;--awb-order-medium:0;--awb-spacing-right-medium:7.68%;--awb-spacing-left-medium:10px;--awb-width-small:50%;--awb-order-small:2;--awb-spacing-right-small:3.84%;--awb-spacing-left-small:10px;\"><div class=\"fusion-column-wrapper fusion-column-has-shadow fusion-flex-justify-content-flex-start fusion-content-layout-column\"><div class=\"fusion-image-element \" style=\"--awb-caption-title-font-family:var(--h2_typography-font-family);--awb-caption-title-font-weight:var(--h2_typography-font-weight);--awb-caption-title-font-style:var(--h2_typography-font-style);--awb-caption-title-size:var(--h2_typography-font-size);--awb-caption-title-transform:var(--h2_typography-text-transform);--awb-caption-title-line-height:var(--h2_typography-line-height);--awb-caption-title-letter-spacing:var(--h2_typography-letter-spacing);\"><span class=\" fusion-imageframe imageframe-none imageframe-3 hover-type-none\" style=\"border-radius:12px;\"><img decoding=\"async\" width=\"1210\" height=\"1210\" title=\"whoarewe\" src=\"https:\/\/somfinanciele.com\/wp-content\/uploads\/2022\/02\/whoarewe-1.jpg\" data-orig-src=\"http:\/\/somfinanciele.com\/wp-content\/uploads\/2022\/02\/whoarewe-1.jpg\" alt class=\"lazyload img-responsive wp-image-3090\" srcset=\"data:image\/svg+xml,%3Csvg%20xmlns%3D%27http%3A%2F%2Fwww.w3.org%2F2000%2Fsvg%27%20width%3D%271210%27%20height%3D%271210%27%20viewBox%3D%270%200%201210%201210%27%3E%3Crect%20width%3D%271210%27%20height%3D%271210%27%20fill-opacity%3D%220%22%2F%3E%3C%2Fsvg%3E\" data-srcset=\"https:\/\/somfinanciele.com\/wp-content\/uploads\/2022\/02\/whoarewe-1-200x200.jpg 200w, https:\/\/somfinanciele.com\/wp-content\/uploads\/2022\/02\/whoarewe-1-400x400.jpg 400w, https:\/\/somfinanciele.com\/wp-content\/uploads\/2022\/02\/whoarewe-1-600x600.jpg 600w, https:\/\/somfinanciele.com\/wp-content\/uploads\/2022\/02\/whoarewe-1-800x800.jpg 800w, https:\/\/somfinanciele.com\/wp-content\/uploads\/2022\/02\/whoarewe-1-1200x1200.jpg 1200w, https:\/\/somfinanciele.com\/wp-content\/uploads\/2022\/02\/whoarewe-1.jpg 1210w\" data-sizes=\"auto\" data-orig-sizes=\"(max-width: 640px) 100vw, 400px\" \/><\/span><\/div><\/div><\/div><\/div><\/div><div class=\"fusion-fullwidth fullwidth-box fusion-builder-row-2 fusion-flex-container nonhundred-percent-fullwidth non-hundred-percent-height-scrolling\" style=\"--awb-border-radius-top-left:0px;--awb-border-radius-top-right:0px;--awb-border-radius-bottom-right:0px;--awb-border-radius-bottom-left:0px;--awb-padding-top:50px;--awb-padding-top-medium:40px;--awb-padding-bottom-medium:48px;--awb-padding-top-small:0px;--awb-padding-bottom-small:20px;--awb-flex-wrap:wrap;\" ><div class=\"fusion-builder-row fusion-row fusion-flex-align-items-flex-start fusion-flex-justify-content-center fusion-flex-content-wrap\" style=\"max-width:1310.4px;margin-left: calc(-4% \/ 2 );margin-right: calc(-4% \/ 2 );\"><div class=\"fusion-layout-column fusion_builder_column fusion-builder-column-3 fusion_builder_column_3_5 3_5 fusion-flex-column\" style=\"--awb-bg-size:cover;--awb-width-large:60%;--awb-margin-top-large:20px;--awb-spacing-right-large:3.2%;--awb-margin-bottom-large:20px;--awb-spacing-left-large:3.2%;--awb-width-medium:66.666666666667%;--awb-order-medium:0;--awb-spacing-right-medium:2.88%;--awb-spacing-left-medium:2.88%;--awb-width-small:100%;--awb-order-small:0;--awb-spacing-right-small:1.92%;--awb-spacing-left-small:1.92%;\"><div class=\"fusion-column-wrapper fusion-column-has-shadow fusion-flex-justify-content-flex-start fusion-content-layout-column\"><div class=\"fusion-title title fusion-title-1 fusion-sep-none fusion-title-text fusion-title-size-three\"><h3 class=\"fusion-title-heading title-heading-left fusion-responsive-typography-calculated\" style=\"margin:0;--fontSize:36;line-height:1.3;\">Misyonumuz<\/h3><\/div><div class=\"fusion-text fusion-text-1\" style=\"--awb-text-transform:none;\"><p>K\u00fcresel pazarlarda, i\u015f ortaklar\u0131m\u0131za m\u00fc\u015fterilerini anlamada ve potansiyel f\u0131rsatlar\u0131 de\u011ferlendirmesinde yard\u0131mc\u0131 olmaktay\u0131z. SOM yurt i\u00e7i kurumsal m\u00fc\u015fteriler gibi kalite, g\u00fcven ve m\u00fc\u015fteri memnuniyeti ilkelerinden \u00f6d\u00fcn vermeden uluslararas\u0131 firmalar i\u00e7in de pazarlama ara\u015ft\u0131rmalar\u0131 ger\u00e7ekle\u015ftirmektedir.<\/p>\n<\/div><\/div><\/div><\/div><\/div><div class=\"fusion-fullwidth fullwidth-box fusion-builder-row-3 fusion-flex-container hundred-percent-fullwidth non-hundred-percent-height-scrolling\" style=\"--awb-border-radius-top-left:0px;--awb-border-radius-top-right:0px;--awb-border-radius-bottom-right:0px;--awb-border-radius-bottom-left:0px;--awb-padding-right:6%;--awb-padding-left:6%;--awb-padding-top-medium:40px;--awb-padding-right-medium:4%;--awb-padding-bottom-medium:48px;--awb-padding-left-medium:4%;--awb-padding-top-small:20px;--awb-padding-bottom-small:0px;--awb-flex-wrap:wrap;\" ><div class=\"fusion-builder-row fusion-row fusion-flex-align-items-stretch fusion-flex-justify-content-center fusion-flex-content-wrap\" style=\"width:104% !important;max-width:104% !important;margin-left: calc(-4% \/ 2 );margin-right: calc(-4% \/ 2 );\"><div class=\"fusion-layout-column fusion_builder_column fusion-builder-column-4 fusion_builder_column_2_5 2_5 fusion-flex-column\" style=\"--awb-bg-position:center top;--awb-bg-size:cover;--awb-width-large:40%;--awb-margin-top-large:10px;--awb-spacing-right-large:4.8%;--awb-margin-bottom-large:10px;--awb-spacing-left-large:4.8%;--awb-width-medium:50%;--awb-order-medium:0;--awb-spacing-right-medium:3.84%;--awb-spacing-left-medium:3.84%;--awb-width-small:100%;--awb-order-small:0;--awb-spacing-right-small:1.92%;--awb-spacing-left-small:1.92%;\"><div class=\"fusion-column-wrapper fusion-column-has-shadow fusion-flex-justify-content-center fusion-content-layout-column\"><div class=\"fusion-image-element \" style=\"--awb-caption-title-font-family:var(--h2_typography-font-family);--awb-caption-title-font-weight:var(--h2_typography-font-weight);--awb-caption-title-font-style:var(--h2_typography-font-style);--awb-caption-title-size:var(--h2_typography-font-size);--awb-caption-title-transform:var(--h2_typography-text-transform);--awb-caption-title-line-height:var(--h2_typography-line-height);--awb-caption-title-letter-spacing:var(--h2_typography-letter-spacing);\"><span class=\" fusion-imageframe imageframe-none imageframe-4 hover-type-none\" style=\"border-radius:12px;\"><img decoding=\"async\" width=\"1478\" height=\"1478\" alt=\"Our Mission\" title=\"About Us\" src=\"data:image\/svg+xml,%3Csvg%20xmlns%3D%27http%3A%2F%2Fwww.w3.org%2F2000%2Fsvg%27%20width%3D%271478%27%20height%3D%271478%27%20viewBox%3D%270%200%201478%201478%27%3E%3Crect%20width%3D%271478%27%20height%3D%271478%27%20fill-opacity%3D%220%22%2F%3E%3C%2Fsvg%3E\" data-orig-src=\"http:\/\/somfinanciele.com\/wp-content\/uploads\/2020\/09\/about-who-we-are.jpg\" class=\"lazyload img-responsive wp-image-1747\"\/><\/span><\/div><\/div><\/div><div class=\"fusion-layout-column fusion_builder_column fusion-builder-column-5 fusion_builder_column_2_5 2_5 fusion-flex-column\" style=\"--awb-bg-size:cover;--awb-width-large:40%;--awb-margin-top-large:20px;--awb-spacing-right-large:14.4%;--awb-margin-bottom-large:20px;--awb-spacing-left-large:19.2%;--awb-width-medium:50%;--awb-order-medium:0;--awb-spacing-right-medium:0px;--awb-spacing-left-medium:5.76%;--awb-width-small:100%;--awb-order-small:0;--awb-spacing-right-small:1.92%;--awb-spacing-left-small:1.92%;\"><div class=\"fusion-column-wrapper fusion-column-has-shadow fusion-flex-justify-content-center fusion-content-layout-column\"><div class=\"fusion-title title fusion-title-2 fusion-sep-none fusion-title-text fusion-title-size-four\" style=\"--awb-text-color:var(--awb-color7);--awb-margin-top:0px;--awb-margin-bottom:16px;\"><h4 class=\"fusion-title-heading title-heading-left fusion-responsive-typography-calculated\" style=\"margin:0;--fontSize:24;--minFontSize:24;line-height:1.42;\">Vizyonumuz<\/h4><\/div><div class=\"fusion-title title fusion-title-3 fusion-sep-none fusion-title-text fusion-title-size-two\" style=\"--awb-margin-top:0px;\"><h2 class=\"fusion-title-heading title-heading-left fusion-responsive-typography-calculated\" style=\"margin:0;--fontSize:48;line-height:1.2;\">Toplam kalite standartlar\u0131na uygun yap\u0131lanm\u0131\u015f olmak.<\/h2><\/div><div class=\"fusion-text fusion-text-2\" style=\"--awb-text-transform:none;\"><p>Ekibimizin etkin ve e\u015f g\u00fcd\u00fcml\u00fc \u00e7al\u0131\u015fmas\u0131. B\u00f6lgesel ve lokal \u00f6rg\u00fctlenmemiz. M\u00fc\u015fterimizle bilgi payla\u015f\u0131m\u0131 kanallar\u0131n\u0131 s\u00fcrekli a\u00e7\u0131k tutmam\u0131z. Tecr\u00fcbe ve tam m\u00fc\u015fteri memnuniyeti. De\u011fi\u015fim ve yeniliklere a\u00e7\u0131k olmak. Etik de\u011ferleri kurumsal yap\u0131 i\u00e7erisinde harmanlamak. Gizlilik ve d\u00fcr\u00fcstl\u00fck ilkelerini her \u015feyin \u00fcst\u00fcnde tutmak. H\u0131zl\u0131 ve etkin ileti\u015fim.<\/p>\n<\/div><\/div><\/div><\/div><\/div><div class=\"fusion-fullwidth fullwidth-box fusion-builder-row-4 fusion-flex-container nonhundred-percent-fullwidth non-hundred-percent-height-scrolling\" style=\"--link_color: var(--awb-color1);--awb-border-radius-top-left:0px;--awb-border-radius-top-right:0px;--awb-border-radius-bottom-right:0px;--awb-border-radius-bottom-left:0px;--awb-padding-top:20px;--awb-padding-bottom:20px;--awb-padding-top-small:40px;--awb-padding-right-small:20px;--awb-padding-bottom-small:0px;--awb-padding-left-small:20px;--awb-flex-wrap:wrap;\" ><div class=\"fusion-builder-row fusion-row fusion-flex-align-items-center fusion-flex-justify-content-center fusion-flex-content-wrap\" style=\"max-width:1310.4px;margin-left: calc(-4% \/ 2 );margin-right: calc(-4% \/ 2 );\"><div class=\"fusion-layout-column fusion_builder_column fusion-builder-column-6 fusion_builder_column_1_1 1_1 fusion-flex-column\" style=\"--awb-padding-top:5%;--awb-padding-right:6%;--awb-padding-bottom:5%;--awb-padding-left:6%;--awb-overflow:hidden;--awb-bg-color:var(--awb-custom1);--awb-bg-color-hover:var(--awb-custom1);--awb-bg-size:cover;--awb-box-shadow:0px 24px 40px 0px hsla(var(--awb-custom1-h),var(--awb-custom1-s),var(--awb-custom1-l),calc( var(--awb-custom1-a) - 76% ));;--awb-border-radius:24px 24px 24px 24px;--awb-width-large:100%;--awb-margin-top-large:20px;--awb-spacing-right-large:0%;--awb-margin-bottom-large:20px;--awb-spacing-left-large:0%;--awb-width-medium:100%;--awb-order-medium:0;--awb-spacing-right-medium:0%;--awb-spacing-left-medium:0%;--awb-width-small:100%;--awb-order-small:0;--awb-spacing-right-small:1.92%;--awb-spacing-left-small:1.92%;\"><div class=\"fusion-column-wrapper fusion-column-has-shadow fusion-flex-justify-content-flex-start fusion-content-layout-column\"><div class=\"fusion-builder-row fusion-builder-row-inner fusion-row fusion-flex-align-items-center fusion-flex-justify-content-center fusion-flex-content-wrap\" style=\"width:104% !important;max-width:104% !important;margin-left: calc(-4% \/ 2 );margin-right: calc(-4% \/ 2 );\"><div class=\"fusion-layout-column fusion_builder_column_inner fusion-builder-nested-column-0 fusion_builder_column_inner_3_4 3_4 fusion-flex-column\" style=\"--awb-bg-size:cover;--awb-width-large:75%;--awb-margin-top-large:12px;--awb-spacing-right-large:2.56%;--awb-margin-bottom-large:20px;--awb-spacing-left-large:2.56%;--awb-width-medium:60%;--awb-order-medium:0;--awb-spacing-right-medium:3.2%;--awb-spacing-left-medium:3.2%;--awb-width-small:100%;--awb-order-small:0;--awb-spacing-right-small:1.92%;--awb-margin-bottom-small:0px;--awb-spacing-left-small:1.92%;\"><div class=\"fusion-column-wrapper fusion-column-has-shadow fusion-flex-justify-content-flex-start fusion-content-layout-column\"><div class=\"fusion-title title fusion-title-4 fusion-sep-none fusion-title-text fusion-title-size-one\" style=\"--awb-text-color:var(--awb-color1);\"><h1 class=\"fusion-title-heading title-heading-left sm-text-align-center fusion-responsive-typography-calculated\" style=\"margin:0;--fontSize:60;line-height:var(--awb-typography1-line-height);\">\u0130nsan kaynaklar\u0131<span style=\"color: var(--awb-color7);\">.<\/span><\/h1><\/div><div class=\"fusion-text fusion-text-3 sm-text-align-center\" style=\"--awb-font-size:26px;--awb-line-height:36px;--awb-text-transform:none;--awb-text-color:var(--awb-color1);\"><p>Ekibimizin bir par\u00e7as\u0131 olmak ister misin?<\/p>\n<\/div><\/div><\/div><div class=\"fusion-layout-column fusion_builder_column_inner fusion-builder-nested-column-1 fusion_builder_column_inner_1_4 1_4 fusion-flex-column\" style=\"--awb-bg-size:cover;--awb-width-large:25%;--awb-margin-top-large:20px;--awb-spacing-right-large:7.68%;--awb-margin-bottom-large:20px;--awb-spacing-left-large:7.68%;--awb-width-medium:40%;--awb-order-medium:0;--awb-spacing-right-medium:4.8%;--awb-spacing-left-medium:4.8%;--awb-width-small:100%;--awb-order-small:0;--awb-spacing-right-small:1.92%;--awb-spacing-left-small:1.92%;\"><div class=\"fusion-column-wrapper fusion-column-has-shadow fusion-flex-justify-content-flex-start fusion-content-layout-column\"><div style=\"text-align:center;\"><a class=\"fusion-button button-flat fusion-button-default-size button-default fusion-button-default button-1 fusion-button-span-yes fusion-button-default-type\" target=\"_self\" href=\"http:\/\/somfinanciele.com\/insan-kaynaklari\/\"><span class=\"fusion-button-text awb-button__text awb-button__text--default\">A\u00e7\u0131k Pozisyonlar<\/span><\/a><\/div><\/div><\/div><\/div><\/div><\/div><\/div><\/div>\n<\/p>\n","protected":false},"excerpt":{"rendered":"","protected":false},"author":1,"featured_media":0,"parent":0,"menu_order":0,"comment_status":"closed","ping_status":"closed","template":"100-width.php","meta":{"iawp_total_views":16,"footnotes":""},"class_list":["post-42","page","type-page","status-publish","hentry"],"_links":{"self":[{"href":"https:\/\/somfinanciele.com\/tr\/wp-json\/wp\/v2\/pages\/42","targetHints":{"allow":["GET"]}}],"collection":[{"href":"https:\/\/somfinanciele.com\/tr\/wp-json\/wp\/v2\/pages"}],"about":[{"href":"https:\/\/somfinanciele.com\/tr\/wp-json\/wp\/v2\/types\/page"}],"author":[{"embeddable":true,"href":"https:\/\/somfinanciele.com\/tr\/wp-json\/wp\/v2\/users\/1"}],"replies":[{"embeddable":true,"href":"https:\/\/somfinanciele.com\/tr\/wp-json\/wp\/v2\/comments?post=42"}],"version-history":[{"count":5,"href":"https:\/\/somfinanciele.com\/tr\/wp-json\/wp\/v2\/pages\/42\/revisions"}],"predecessor-version":[{"id":3098,"href":"https:\/\/somfinanciele.com\/tr\/wp-json\/wp\/v2\/pages\/42\/revisions\/3098"}],"wp:attachment":[{"href":"https:\/\/somfinanciele.com\/tr\/wp-json\/wp\/v2\/media?parent=42"}],"curies":[{"name":"wp","href":"https:\/\/api.w.org\/{rel}","templated":true}]}}